{"id":3837,"date":"2022-02-05T19:58:48","date_gmt":"2022-02-05T18:58:48","guid":{"rendered":"https:\/\/www.tomdog.fr\/?page_id=3837"},"modified":"2023-02-21T13:37:24","modified_gmt":"2023-02-21T12:37:24","slug":"toilettage-chien-chat","status":"publish","type":"page","link":"https:\/\/www.tomdog.fr\/en\/toilettage-chien-chat\/","title":{"rendered":"Toilettage"},"content":{"rendered":"<section class=\"fw-main-row  ls section_padding_top_30 section_padding_bottom_50 columns_padding_15\" id=\"about\">\n<h3 class=\"hidden\"> Services<\/h3>\n<div class=\"container\">\n<div class=\"row\">\n<div class=\"col-xs-12 to_animate text-center col-sm-10 col-sm-offset-1 col-lg-8 col-lg-offset-2\" data-animation=\"fadeInUp\">\n<div class=\"shortcode-icon\">\n<div class=\"icon-wrap size_normal default_icon color_1\">\n\t\t\t<i class=\"fa fa-paw\"><\/i>\n\t\t<\/div>\n<\/p><\/div>\n<div class=\"fw-divider-space\" style=\"padding-top: 20px\"><\/div>\n<div class=\"special-heading text-center\">\n<h2 class=\"section_header margin_0\">\n\t<span class=\"grey bold\"><br \/>\n\t\tHygi\u00e8ne compl\u00e8te\t<\/span><br \/>\n\t<\/h2>\n<h3 class=\"section_header margin_0\">\n\t<span class=\"regular\"><br \/>\n\t\t\t<\/span><br \/>\n\t<\/h3>\n<p class=\"paragraph\">\n\t<span class=\"regular text-uppercase spacing-text-small\"><br \/>\n\t\tVoici une palette de mon savoir-faire. Tout est l\u00e0 pour l&rsquo;hygi\u00e8ne de votre animal\t<\/span>\n\t<\/p>\n<\/div>\n<div class=\"fw-divider-space\" style=\"padding-top: 45px\"><\/div>\n<\/div>\n<div class=\"col-xs-12 text-center\">\n<div class=\"columns_padding_15\">\n<div class=\"isotope_container isotope row masonry-layout\">\n<div class=\"isotope-item col-lg-4 col-md-4 col-sm-6 col-xs-12 services-pour-chiens\">\n<div class=\"service_item vertical-item content-padding with_shadow text-center rounded overflow-hidden\">\n\t\t\t\t\t\t<a href=\"https:\/\/www.tomdog.fr\/en\/service\/toilettage-epilation-poils-chien\/\" class=\"item-media\"><br \/>\n\t\t\t\t<img data-recalc-dims=\"1\" loading=\"lazy\" decoding=\"async\" width=\"775\" height=\"517\" src=\"https:\/\/i0.wp.com\/www.tomdog.fr\/wp-content\/uploads\/2022\/02\/Epilation-dun-chien.png?resize=775%2C517&#038;ssl=1\" class=\"attachment-post-thumbnail size-post-thumbnail wp-post-image\" alt=\"Epilation d&#039;un chien\" \/>\t\t\t<\/a><\/p>\n<div class=\"item-content\">\n<h4 class=\"entry-title hover-color3\">\n\t\t\t<a href=\"https:\/\/www.tomdog.fr\/en\/service\/toilettage-epilation-poils-chien\/\"><br \/>\n\t\t\t\tEpilation\t\t\t<\/a><br \/>\n\t\t<\/h4>\n<div class=\"excerpt\">\n<p>Suppression du poil dur, d\u00e9sagr\u00e9able au touch\u00e9. Le sous-poil relev\u00e9 laisse une sensation douce et agr\u00e9able.<\/p>\n<\/p><\/div>\n<\/p><\/div>\n<p><!-- eof .item-content -->\n<\/div>\n<p><!-- eof .teaser -->\n\t\t\t<\/div>\n<div class=\"isotope-item col-lg-4 col-md-4 col-sm-6 col-xs-12 services-pour-chiens\">\n<div class=\"service_item vertical-item content-padding with_shadow text-center rounded overflow-hidden\">\n\t\t\t\t\t\t<a href=\"https:\/\/www.tomdog.fr\/en\/service\/toilettage-debourrage-poils-chien\/\" class=\"item-media\"><br \/>\n\t\t\t\t<img data-recalc-dims=\"1\" loading=\"lazy\" decoding=\"async\" width=\"775\" height=\"517\" src=\"https:\/\/i0.wp.com\/www.tomdog.fr\/wp-content\/uploads\/2022\/02\/Toilettage-debourrage.png?resize=775%2C517&#038;ssl=1\" class=\"attachment-post-thumbnail size-post-thumbnail wp-post-image\" alt=\"D\u00e9bourrage des poils morts\" \/>\t\t\t<\/a><\/p>\n<div class=\"item-content\">\n<h4 class=\"entry-title hover-color3\">\n\t\t\t<a href=\"https:\/\/www.tomdog.fr\/en\/service\/toilettage-debourrage-poils-chien\/\"><br \/>\n\t\t\t\tD\u00e9bourrage\t\t\t<\/a><br \/>\n\t\t<\/h4>\n<div class=\"excerpt\">\n<p>Le d\u00e9bourrage consiste \u00e0 supprimer les poils morts de la fourrure du chien.<\/p>\n<\/p><\/div>\n<\/p><\/div>\n<p><!-- eof .item-content -->\n<\/div>\n<p><!-- eof .teaser -->\n\t\t\t<\/div>\n<div class=\"isotope-item col-lg-4 col-md-4 col-sm-6 col-xs-12 services-pour-chiens\">\n<div class=\"service_item vertical-item content-padding with_shadow text-center rounded overflow-hidden\">\n\t\t\t\t\t\t<a href=\"https:\/\/www.tomdog.fr\/en\/service\/toilettage-chien-demelage\/\" class=\"item-media\"><br \/>\n\t\t\t\t<img data-recalc-dims=\"1\" loading=\"lazy\" decoding=\"async\" width=\"775\" height=\"517\" src=\"https:\/\/i0.wp.com\/www.tomdog.fr\/wp-content\/uploads\/2022\/02\/Demelage-des-poils-dun-chien.png?resize=775%2C517&#038;ssl=1\" class=\"attachment-post-thumbnail size-post-thumbnail wp-post-image\" alt=\"D\u00e9m\u00ealage des poils d&#039;un chien\" \/>\t\t\t<\/a><\/p>\n<div class=\"item-content\">\n<h4 class=\"entry-title hover-color3\">\n\t\t\t<a href=\"https:\/\/www.tomdog.fr\/en\/service\/toilettage-chien-demelage\/\"><br \/>\n\t\t\t\tD\u00e9m\u00ealage\t\t\t<\/a><br \/>\n\t\t<\/h4>\n<div class=\"excerpt\">\n<p>D\u00e9m\u00ealer les poils am\u00e9liore le confort de votre chien. C&rsquo;est un acte banal qui fait partie du toilettage. <\/p>\n<\/p><\/div>\n<\/p><\/div>\n<p><!-- eof .item-content -->\n<\/div>\n<p><!-- eof .teaser -->\n\t\t\t<\/div>\n<div class=\"isotope-item col-lg-4 col-md-4 col-sm-6 col-xs-12 services-pour-chiens\">\n<div class=\"service_item vertical-item content-padding with_shadow text-center rounded overflow-hidden\">\n\t\t\t\t\t\t<a href=\"https:\/\/www.tomdog.fr\/en\/service\/toilettage-chien-coupe-tondeuse\/\" class=\"item-media\"><br \/>\n\t\t\t\t<img data-recalc-dims=\"1\" loading=\"lazy\" decoding=\"async\" width=\"775\" height=\"517\" src=\"https:\/\/i0.wp.com\/www.tomdog.fr\/wp-content\/uploads\/2022\/02\/Toilettage-coupe-tondeuse-2.png?resize=775%2C517&#038;ssl=1\" class=\"attachment-post-thumbnail size-post-thumbnail wp-post-image\" alt=\"Toilettage coupe tondeuse\" \/>\t\t\t<\/a><\/p>\n<div class=\"item-content\">\n<h4 class=\"entry-title hover-color3\">\n\t\t\t<a href=\"https:\/\/www.tomdog.fr\/en\/service\/toilettage-chien-coupe-tondeuse\/\"><br \/>\n\t\t\t\tCoupe tondeuse\t\t\t<\/a><br \/>\n\t\t<\/h4>\n<div class=\"excerpt\">\n<p>La tonte de certains chiens est un acte essentiel \u00e0 leur hygi\u00e8ne. Elle permet des les lib\u00e9rer de parasites.<\/p>\n<\/p><\/div>\n<\/p><\/div>\n<p><!-- eof .item-content -->\n<\/div>\n<p><!-- eof .teaser -->\n\t\t\t<\/div>\n<div class=\"isotope-item col-lg-4 col-md-4 col-sm-6 col-xs-12 services-pour-chiens\">\n<div class=\"service_item vertical-item content-padding with_shadow text-center rounded overflow-hidden\">\n\t\t\t\t\t\t<a href=\"https:\/\/www.tomdog.fr\/en\/service\/toilettage-coupe-ciseaux\/\" class=\"item-media\"><br \/>\n\t\t\t\t<img data-recalc-dims=\"1\" loading=\"lazy\" decoding=\"async\" width=\"775\" height=\"517\" src=\"https:\/\/i0.wp.com\/www.tomdog.fr\/wp-content\/uploads\/2022\/02\/Toilettage-coupe-ciseaux.png?resize=775%2C517&#038;ssl=1\" class=\"attachment-post-thumbnail size-post-thumbnail wp-post-image\" alt=\"Toilettage coupe ciseaux\" \/>\t\t\t<\/a><\/p>\n<div class=\"item-content\">\n<h4 class=\"entry-title hover-color3\">\n\t\t\t<a href=\"https:\/\/www.tomdog.fr\/en\/service\/toilettage-coupe-ciseaux\/\"><br \/>\n\t\t\t\tCoupe ciseaux\t\t\t<\/a><br \/>\n\t\t<\/h4>\n<div class=\"excerpt\">\n<p>Coupe du pelage de votre chien de la t\u00eate aux pattes. Musculature et style sont mis en avant.<\/p>\n<\/p><\/div>\n<\/p><\/div>\n<p><!-- eof .item-content -->\n<\/div>\n<p><!-- eof .teaser -->\n\t\t\t<\/div>\n<div class=\"isotope-item col-lg-4 col-md-4 col-sm-6 col-xs-12 services-pour-chiens\">\n<div class=\"service_item vertical-item content-padding with_shadow text-center rounded overflow-hidden\">\n\t\t\t\t\t\t<a href=\"https:\/\/www.tomdog.fr\/en\/service\/soin-des-pattes\/\" class=\"item-media\"><br \/>\n\t\t\t\t<img data-recalc-dims=\"1\" loading=\"lazy\" decoding=\"async\" width=\"775\" height=\"517\" src=\"https:\/\/i0.wp.com\/www.tomdog.fr\/wp-content\/uploads\/2022\/02\/Nettoyage-des-pattes-dun-chien.png?resize=775%2C517&#038;ssl=1\" class=\"attachment-post-thumbnail size-post-thumbnail wp-post-image\" alt=\"Nettoyage des pattes d&#039;un chien\" \/>\t\t\t<\/a><\/p>\n<div class=\"item-content\">\n<h4 class=\"entry-title hover-color3\">\n\t\t\t<a href=\"https:\/\/www.tomdog.fr\/en\/service\/soin-des-pattes\/\"><br \/>\n\t\t\t\tSoin des pattes\t\t\t<\/a><br \/>\n\t\t<\/h4>\n<div class=\"excerpt\">\n<p>Nettoyage approfondit, massage et hydratation des quatre pattes et de tous les coussinets.<\/p>\n<\/p><\/div>\n<\/p><\/div>\n<p><!-- eof .item-content -->\n<\/div>\n<p><!-- eof .teaser -->\n\t\t\t<\/div>\n<div class=\"isotope-item col-lg-4 col-md-4 col-sm-6 col-xs-12 services-pour-chiens\">\n<div class=\"service_item vertical-item content-padding with_shadow text-center rounded overflow-hidden\">\n\t\t\t\t\t\t<a href=\"https:\/\/www.tomdog.fr\/en\/service\/toilettage-chiot-la-roque-d-antheron\/\" class=\"item-media\"><br \/>\n\t\t\t\t<img data-recalc-dims=\"1\" loading=\"lazy\" decoding=\"async\" width=\"775\" height=\"517\" src=\"https:\/\/i0.wp.com\/www.tomdog.fr\/wp-content\/uploads\/2022\/02\/Premier-toilettage-dun-chiot.png?resize=775%2C517&#038;ssl=1\" class=\"attachment-post-thumbnail size-post-thumbnail wp-post-image\" alt=\"Premier toilettage d&#039;un chiot\" \/>\t\t\t<\/a><\/p>\n<div class=\"item-content\">\n<h4 class=\"entry-title hover-color3\">\n\t\t\t<a href=\"https:\/\/www.tomdog.fr\/en\/service\/toilettage-chiot-la-roque-d-antheron\/\"><br \/>\n\t\t\t\tToilettage chiot\t\t\t<\/a><br \/>\n\t\t<\/h4>\n<div class=\"excerpt\">\n<p>Ses premiers toilettages lui permettront de bien aborder son hygi\u00e8ne tout au long de sa vie.<\/p>\n<\/p><\/div>\n<\/p><\/div>\n<p><!-- eof .item-content -->\n<\/div>\n<p><!-- eof .teaser -->\n\t\t\t<\/div>\n<div class=\"isotope-item col-lg-4 col-md-4 col-sm-6 col-xs-12 services-pour-chiens\">\n<div class=\"service_item vertical-item content-padding with_shadow text-center rounded overflow-hidden\">\n\t\t\t\t\t\t<a href=\"https:\/\/www.tomdog.fr\/en\/service\/bain-chien-toilettage\/\" class=\"item-media\"><br \/>\n\t\t\t\t<img data-recalc-dims=\"1\" loading=\"lazy\" decoding=\"async\" width=\"775\" height=\"517\" src=\"https:\/\/i0.wp.com\/www.tomdog.fr\/wp-content\/uploads\/2017\/08\/Chien-prenant-son-bain-2.png?resize=775%2C517&#038;ssl=1\" class=\"attachment-post-thumbnail size-post-thumbnail wp-post-image\" alt=\"Chien prenant son bain\" \/>\t\t\t<\/a><\/p>\n<div class=\"item-content\">\n<h4 class=\"entry-title hover-color3\">\n\t\t\t<a href=\"https:\/\/www.tomdog.fr\/en\/service\/bain-chien-toilettage\/\"><br \/>\n\t\t\t\tLe bain\t\t\t<\/a><br \/>\n\t\t<\/h4>\n<div class=\"excerpt\">\n<p>Acte d\u00e9licat indispensable \u00e0 la bonne sant\u00e9 de votre chien. Sa peau respire beaucoup mieux.<\/p>\n<\/p><\/div>\n<\/p><\/div>\n<p><!-- eof .item-content -->\n<\/div>\n<p><!-- eof .teaser -->\n\t\t\t<\/div>\n<div class=\"isotope-item col-lg-4 col-md-4 col-sm-6 col-xs-12 services-pour-chiens\">\n<div class=\"service_item vertical-item content-padding with_shadow text-center rounded overflow-hidden\">\n\t\t\t\t\t\t<a href=\"https:\/\/www.tomdog.fr\/en\/service\/soin-ongle-griffe-chien\/\" class=\"item-media\"><br \/>\n\t\t\t\t<img data-recalc-dims=\"1\" loading=\"lazy\" decoding=\"async\" width=\"775\" height=\"517\" src=\"https:\/\/i0.wp.com\/www.tomdog.fr\/wp-content\/uploads\/2022\/02\/Coupe-des-ongles-dun-chien.png?resize=775%2C517&#038;ssl=1\" class=\"attachment-post-thumbnail size-post-thumbnail wp-post-image\" alt=\"Coupe des ongles d&#039;un chien\" \/>\t\t\t<\/a><\/p>\n<div class=\"item-content\">\n<h4 class=\"entry-title hover-color3\">\n\t\t\t<a href=\"https:\/\/www.tomdog.fr\/en\/service\/soin-ongle-griffe-chien\/\"><br \/>\n\t\t\t\tSoin des griffes\t\t\t<\/a><br \/>\n\t\t<\/h4>\n<div class=\"excerpt\">\n<p>Coupe et polissage des griffes pour que votre chien soit confortable sur ses appuis.<\/p>\n<\/p><\/div>\n<\/p><\/div>\n<p><!-- eof .item-content -->\n<\/div>\n<p><!-- eof .teaser -->\n\t\t\t<\/div>\n<div class=\"isotope-item col-lg-4 col-md-4 col-sm-6 col-xs-12 services-pour-chiens\">\n<div class=\"service_item vertical-item content-padding with_shadow text-center rounded overflow-hidden\">\n\t\t\t\t\t\t<a href=\"https:\/\/www.tomdog.fr\/en\/service\/soin-oreilles-chien\/\" class=\"item-media\"><br \/>\n\t\t\t\t<img data-recalc-dims=\"1\" loading=\"lazy\" decoding=\"async\" width=\"775\" height=\"517\" src=\"https:\/\/i0.wp.com\/www.tomdog.fr\/wp-content\/uploads\/2017\/08\/Nettoyage-des-oreilles-dun-chien.png?resize=775%2C517&#038;ssl=1\" class=\"attachment-post-thumbnail size-post-thumbnail wp-post-image\" alt=\"Nettoyage des oreilles d&#039;un chien\" \/>\t\t\t<\/a><\/p>\n<div class=\"item-content\">\n<h4 class=\"entry-title hover-color3\">\n\t\t\t<a href=\"https:\/\/www.tomdog.fr\/en\/service\/soin-oreilles-chien\/\"><br \/>\n\t\t\t\tSoin des oreilles\t\t\t<\/a><br \/>\n\t\t<\/h4>\n<div class=\"excerpt\">\n<p>Un nettoyage r\u00e9gulier de ses oreilles est important pour renforcer sa sant\u00e9 g\u00e9n\u00e9rale.<\/p>\n<\/p><\/div>\n<\/p><\/div>\n<p><!-- eof .item-content -->\n<\/div>\n<p><!-- eof .teaser -->\n\t\t\t<\/div>\n<\/p><\/div>\n<p><!-- eof .isotope_container -->\n<\/div>\n<p><!-- eof .columns_padding_* --><\/div>\n<\/p><\/div>\n<\/p><\/div>\n<\/section>\n<p><!-- 159b4bcee4677cbd048a829d25ab82df --><\/p>","protected":false},"excerpt":{"rendered":"<p>Services Hygi\u00e8ne compl\u00e8te Voici une palette de mon savoir-faire. Tout est l\u00e0 pour l&rsquo;hygi\u00e8ne de votre animal Epilation Suppression du<\/p>","protected":false},"author":1,"featured_media":0,"parent":0,"menu_order":0,"comment_status":"closed","ping_status":"closed","template":"page-templates\/full-width.php","meta":{"footnotes":""},"class_list":["post-3837","page","type-page","status-publish","hentry"],"yoast_head":"<!-- This site is optimized with the Yoast SEO plugin v27.3 - https:\/\/yoast.com\/product\/yoast-seo-wordpress\/ -->\n<title>Toilettage - TOMDOG - la Roque d&#039;Anth\u00e9ron, Mallemort, Cadenet, Rognes<\/title>\n<meta name=\"description\" content=\"TOMDOG, toiletteur pour chiens et chats \u00e0 la Roque d&#039;Anth\u00e9ron, Charleval, Mallemort, Cadenet, Lauris, Rognes et 13 autres communes autours.\" \/>\n<meta name=\"robots\" content=\"index, follow, max-snippet:-1, max-image-preview:large, max-video-preview:-1\" \/>\n<link rel=\"canonical\" href=\"https:\/\/www.tomdog.fr\/en\/toilettage-chien-chat\/\" \/>\n<meta property=\"og:locale\" content=\"en_US\" \/>\n<meta property=\"og:type\" content=\"article\" \/>\n<meta property=\"og:title\" content=\"Toilettage - TOMDOG - la Roque d&#039;Anth\u00e9ron, Mallemort, Cadenet, Rognes\" \/>\n<meta property=\"og:description\" content=\"TOMDOG, toiletteur pour chiens et chats \u00e0 la Roque d&#039;Anth\u00e9ron, Charleval, Mallemort, Cadenet, Lauris, Rognes et 13 autres communes autours.\" \/>\n<meta property=\"og:url\" content=\"https:\/\/www.tomdog.fr\/en\/toilettage-chien-chat\/\" \/>\n<meta property=\"og:site_name\" content=\"TOMDOG\" \/>\n<meta property=\"article:publisher\" content=\"https:\/\/www.facebook.com\/tomdogofficial\/\" \/>\n<meta property=\"article:modified_time\" content=\"2023-02-21T12:37:24+00:00\" \/>\n<meta property=\"og:image\" content=\"https:\/\/www.tomdog.fr\/wp-content\/uploads\/2022\/02\/Epilation-dun-chien-775x517.png\" \/>\n<meta name=\"twitter:card\" content=\"summary_large_image\" \/>\n<meta name=\"twitter:label1\" content=\"Est. reading time\" \/>\n\t<meta name=\"twitter:data1\" content=\"3 minutes\" \/>\n<script type=\"application\/ld+json\" class=\"yoast-schema-graph\">{\"@context\":\"https:\\\/\\\/schema.org\",\"@graph\":[{\"@type\":\"WebPage\",\"@id\":\"https:\\\/\\\/www.tomdog.fr\\\/toilettage-chien-chat\\\/\",\"url\":\"https:\\\/\\\/www.tomdog.fr\\\/toilettage-chien-chat\\\/\",\"name\":\"Toilettage - TOMDOG - la Roque d'Anth\u00e9ron, Mallemort, Cadenet, Rognes\",\"isPartOf\":{\"@id\":\"https:\\\/\\\/www.tomdog.fr\\\/#website\"},\"primaryImageOfPage\":{\"@id\":\"https:\\\/\\\/www.tomdog.fr\\\/toilettage-chien-chat\\\/#primaryimage\"},\"image\":{\"@id\":\"https:\\\/\\\/www.tomdog.fr\\\/toilettage-chien-chat\\\/#primaryimage\"},\"thumbnailUrl\":\"https:\\\/\\\/www.tomdog.fr\\\/wp-content\\\/uploads\\\/2022\\\/02\\\/Epilation-dun-chien-775x517.png\",\"datePublished\":\"2022-02-05T18:58:48+00:00\",\"dateModified\":\"2023-02-21T12:37:24+00:00\",\"description\":\"TOMDOG, toiletteur pour chiens et chats \u00e0 la Roque d'Anth\u00e9ron, Charleval, Mallemort, Cadenet, Lauris, Rognes et 13 autres communes autours.\",\"breadcrumb\":{\"@id\":\"https:\\\/\\\/www.tomdog.fr\\\/toilettage-chien-chat\\\/#breadcrumb\"},\"inLanguage\":\"en-US\",\"potentialAction\":[{\"@type\":\"ReadAction\",\"target\":[\"https:\\\/\\\/www.tomdog.fr\\\/toilettage-chien-chat\\\/\"]}]},{\"@type\":\"ImageObject\",\"inLanguage\":\"en-US\",\"@id\":\"https:\\\/\\\/www.tomdog.fr\\\/toilettage-chien-chat\\\/#primaryimage\",\"url\":\"https:\\\/\\\/www.tomdog.fr\\\/wp-content\\\/uploads\\\/2022\\\/02\\\/Epilation-dun-chien-775x517.png\",\"contentUrl\":\"https:\\\/\\\/www.tomdog.fr\\\/wp-content\\\/uploads\\\/2022\\\/02\\\/Epilation-dun-chien-775x517.png\"},{\"@type\":\"BreadcrumbList\",\"@id\":\"https:\\\/\\\/www.tomdog.fr\\\/toilettage-chien-chat\\\/#breadcrumb\",\"itemListElement\":[{\"@type\":\"ListItem\",\"position\":1,\"name\":\"Accueil\",\"item\":\"https:\\\/\\\/www.tomdog.fr\\\/\"},{\"@type\":\"ListItem\",\"position\":2,\"name\":\"Toilettage\"}]},{\"@type\":\"WebSite\",\"@id\":\"https:\\\/\\\/www.tomdog.fr\\\/#website\",\"url\":\"https:\\\/\\\/www.tomdog.fr\\\/\",\"name\":\"TOMDOG\",\"description\":\"Le salon de toilettage o\u00f9 votre animal est roi !\",\"publisher\":{\"@id\":\"https:\\\/\\\/www.tomdog.fr\\\/#organization\"},\"potentialAction\":[{\"@type\":\"SearchAction\",\"target\":{\"@type\":\"EntryPoint\",\"urlTemplate\":\"https:\\\/\\\/www.tomdog.fr\\\/?s={search_term_string}\"},\"query-input\":{\"@type\":\"PropertyValueSpecification\",\"valueRequired\":true,\"valueName\":\"search_term_string\"}}],\"inLanguage\":\"en-US\"},{\"@type\":\"Organization\",\"@id\":\"https:\\\/\\\/www.tomdog.fr\\\/#organization\",\"name\":\"TOMDOG\",\"url\":\"https:\\\/\\\/www.tomdog.fr\\\/\",\"logo\":{\"@type\":\"ImageObject\",\"inLanguage\":\"en-US\",\"@id\":\"https:\\\/\\\/www.tomdog.fr\\\/#\\\/schema\\\/logo\\\/image\\\/\",\"url\":\"https:\\\/\\\/i0.wp.com\\\/www.tomdog.fr\\\/wp-content\\\/uploads\\\/2022\\\/12\\\/Logo-TOMDOG-Toilettage-e1675083601520.png?fit=155%2C51&ssl=1\",\"contentUrl\":\"https:\\\/\\\/i0.wp.com\\\/www.tomdog.fr\\\/wp-content\\\/uploads\\\/2022\\\/12\\\/Logo-TOMDOG-Toilettage-e1675083601520.png?fit=155%2C51&ssl=1\",\"width\":155,\"height\":51,\"caption\":\"TOMDOG\"},\"image\":{\"@id\":\"https:\\\/\\\/www.tomdog.fr\\\/#\\\/schema\\\/logo\\\/image\\\/\"},\"sameAs\":[\"https:\\\/\\\/www.facebook.com\\\/tomdogofficial\\\/\",\"https:\\\/\\\/www.instagram.com\\\/tomdogofficial\\\/\"]}]}<\/script>\n<!-- \/ Yoast SEO plugin. -->","yoast_head_json":{"title":"Toilettage - TOMDOG - la Roque d'Anth\u00e9ron, Mallemort, Cadenet, Rognes","description":"TOMDOG, toiletteur pour chiens et chats \u00e0 la Roque d'Anth\u00e9ron, Charleval, Mallemort, Cadenet, Lauris, Rognes et 13 autres communes autours.","robots":{"index":"index","follow":"follow","max-snippet":"max-snippet:-1","max-image-preview":"max-image-preview:large","max-video-preview":"max-video-preview:-1"},"canonical":"https:\/\/www.tomdog.fr\/en\/toilettage-chien-chat\/","og_locale":"en_US","og_type":"article","og_title":"Toilettage - TOMDOG - la Roque d'Anth\u00e9ron, Mallemort, Cadenet, Rognes","og_description":"TOMDOG, toiletteur pour chiens et chats \u00e0 la Roque d'Anth\u00e9ron, Charleval, Mallemort, Cadenet, Lauris, Rognes et 13 autres communes autours.","og_url":"https:\/\/www.tomdog.fr\/en\/toilettage-chien-chat\/","og_site_name":"TOMDOG","article_publisher":"https:\/\/www.facebook.com\/tomdogofficial\/","article_modified_time":"2023-02-21T12:37:24+00:00","og_image":[{"url":"https:\/\/www.tomdog.fr\/wp-content\/uploads\/2022\/02\/Epilation-dun-chien-775x517.png","type":"","width":"","height":""}],"twitter_card":"summary_large_image","twitter_misc":{"Est. reading time":"3 minutes"},"schema":{"@context":"https:\/\/schema.org","@graph":[{"@type":"WebPage","@id":"https:\/\/www.tomdog.fr\/toilettage-chien-chat\/","url":"https:\/\/www.tomdog.fr\/toilettage-chien-chat\/","name":"Toilettage - TOMDOG - la Roque d'Anth\u00e9ron, Mallemort, Cadenet, Rognes","isPartOf":{"@id":"https:\/\/www.tomdog.fr\/#website"},"primaryImageOfPage":{"@id":"https:\/\/www.tomdog.fr\/toilettage-chien-chat\/#primaryimage"},"image":{"@id":"https:\/\/www.tomdog.fr\/toilettage-chien-chat\/#primaryimage"},"thumbnailUrl":"https:\/\/www.tomdog.fr\/wp-content\/uploads\/2022\/02\/Epilation-dun-chien-775x517.png","datePublished":"2022-02-05T18:58:48+00:00","dateModified":"2023-02-21T12:37:24+00:00","description":"TOMDOG, toiletteur pour chiens et chats \u00e0 la Roque d'Anth\u00e9ron, Charleval, Mallemort, Cadenet, Lauris, Rognes et 13 autres communes autours.","breadcrumb":{"@id":"https:\/\/www.tomdog.fr\/toilettage-chien-chat\/#breadcrumb"},"inLanguage":"en-US","potentialAction":[{"@type":"ReadAction","target":["https:\/\/www.tomdog.fr\/toilettage-chien-chat\/"]}]},{"@type":"ImageObject","inLanguage":"en-US","@id":"https:\/\/www.tomdog.fr\/toilettage-chien-chat\/#primaryimage","url":"https:\/\/www.tomdog.fr\/wp-content\/uploads\/2022\/02\/Epilation-dun-chien-775x517.png","contentUrl":"https:\/\/www.tomdog.fr\/wp-content\/uploads\/2022\/02\/Epilation-dun-chien-775x517.png"},{"@type":"BreadcrumbList","@id":"https:\/\/www.tomdog.fr\/toilettage-chien-chat\/#breadcrumb","itemListElement":[{"@type":"ListItem","position":1,"name":"Accueil","item":"https:\/\/www.tomdog.fr\/"},{"@type":"ListItem","position":2,"name":"Toilettage"}]},{"@type":"WebSite","@id":"https:\/\/www.tomdog.fr\/#website","url":"https:\/\/www.tomdog.fr\/","name":"TOMDOG","description":"Le salon de toilettage o\u00f9 votre animal est roi !","publisher":{"@id":"https:\/\/www.tomdog.fr\/#organization"},"potentialAction":[{"@type":"SearchAction","target":{"@type":"EntryPoint","urlTemplate":"https:\/\/www.tomdog.fr\/?s={search_term_string}"},"query-input":{"@type":"PropertyValueSpecification","valueRequired":true,"valueName":"search_term_string"}}],"inLanguage":"en-US"},{"@type":"Organization","@id":"https:\/\/www.tomdog.fr\/#organization","name":"TOMDOG","url":"https:\/\/www.tomdog.fr\/","logo":{"@type":"ImageObject","inLanguage":"en-US","@id":"https:\/\/www.tomdog.fr\/#\/schema\/logo\/image\/","url":"https:\/\/i0.wp.com\/www.tomdog.fr\/wp-content\/uploads\/2022\/12\/Logo-TOMDOG-Toilettage-e1675083601520.png?fit=155%2C51&ssl=1","contentUrl":"https:\/\/i0.wp.com\/www.tomdog.fr\/wp-content\/uploads\/2022\/12\/Logo-TOMDOG-Toilettage-e1675083601520.png?fit=155%2C51&ssl=1","width":155,"height":51,"caption":"TOMDOG"},"image":{"@id":"https:\/\/www.tomdog.fr\/#\/schema\/logo\/image\/"},"sameAs":["https:\/\/www.facebook.com\/tomdogofficial\/","https:\/\/www.instagram.com\/tomdogofficial\/"]}]}},"jetpack_shortlink":"https:\/\/wp.me\/PdCQ08-ZT","_links":{"self":[{"href":"https:\/\/www.tomdog.fr\/en\/wp-json\/wp\/v2\/pages\/3837","targetHints":{"allow":["GET"]}}],"collection":[{"href":"https:\/\/www.tomdog.fr\/en\/wp-json\/wp\/v2\/pages"}],"about":[{"href":"https:\/\/www.tomdog.fr\/en\/wp-json\/wp\/v2\/types\/page"}],"author":[{"embeddable":true,"href":"https:\/\/www.tomdog.fr\/en\/wp-json\/wp\/v2\/users\/1"}],"replies":[{"embeddable":true,"href":"https:\/\/www.tomdog.fr\/en\/wp-json\/wp\/v2\/comments?post=3837"}],"version-history":[{"count":0,"href":"https:\/\/www.tomdog.fr\/en\/wp-json\/wp\/v2\/pages\/3837\/revisions"}],"wp:attachment":[{"href":"https:\/\/www.tomdog.fr\/en\/wp-json\/wp\/v2\/media?parent=3837"}],"curies":[{"name":"wp","href":"https:\/\/api.w.org\/{rel}","templated":true}]}}