{"id":3643,"date":"2021-12-19T12:12:28","date_gmt":"2021-12-19T11:12:28","guid":{"rendered":"https:\/\/www.tomdog.fr\/?page_id=3643"},"modified":"2024-08-01T05:31:04","modified_gmt":"2024-08-01T03:31:04","slug":"conditions-generales-de-vente-de-prestations","status":"publish","type":"page","link":"https:\/\/www.tomdog.fr\/en\/conditions-generales-de-vente-de-prestations\/","title":{"rendered":"Conditions G\u00e9n\u00e9rales de Vente de prestations"},"content":{"rendered":"<h3>Conditions G\u00e9n\u00e9rales de Vente de Prestation<\/h3>\n<h4>\u2013 ENTRE \u2013<\/h4>\n<p>Le client ayant mis son animal \u00e0 la disposition de TOMDOG MARIUSKA GARCIA<\/p>\n<h4>\u2013 ET \u2013<\/h4>\n<p>TOMDOG MARIUSKA GARCIA (SIRET : 947 721 205 00013) ayant son si\u00e8ge social au 1 rue Jeanne d\u2019Arc, 13640 La Roque d\u2019Anth\u00e9ron et ici repr\u00e9sent\u00e9 par Mariuska GARCIA.<\/p>\n<h3>Objet du contrat<\/h3>\n<p>Le client estime que le prestataire poss\u00e8de la comp\u00e9tence et l\u2019exp\u00e9rience n\u00e9cessaires pour la prestation des services (\u00ab le Service \u00bb) au client. Le prestataire s\u2019engage \u00e0 fournir le Service au client selon les conditions \u00e9nonc\u00e9es dans le pr\u00e9sent contrat (le \u00ab Contrat \u00bb). Compte tenu des faits d\u00e9crits ci-dessus et des avantages et obligations r\u00e9ciproques \u00e9nonc\u00e9s dans le Contrat, dont la r\u00e9ception et la validit\u00e9 sont par la pr\u00e9sente reconnues, le client et le prestataire (individuellement la \u00ab Partie \u00bb et collectivement les \u00ab Parties \u00bb) conviennent de ce qui suit.<\/p>\n<h3>Services fournis<\/h3>\n<p>Le client accepte d\u2019engager le prestataire \u00e0 lui fournir le Service, dont le(s) suivant(s) : TOILETTAGE ANIMALIER.<\/p>\n<p>Le Service inclura aussi toutes autres t\u00e2ches sur laquelle les Parties pourraient s\u2019accorder.<\/p>\n<p>Le prestataire accepte de fournir le Service au Client.<\/p>\n<h3>Dur\u00e9e du Contrat<\/h3>\n<p>La validit\u00e9 du Contrat dure de la date de signature du Contrat jusqu\u2019\u00e0 l\u2019ach\u00e8vement des Services, sous r\u00e9serve d\u2019une r\u00e9siliation anticip\u00e9e conform\u00e9ment aux dispositions du Contrat. La dur\u00e9e du Contrat peut \u00eatre \u00e9tendue avec le consentement par \u00e9crit des deux Parties.<\/p>\n<h3>R\u00e9mun\u00e9ration<\/h3>\n<p>En contrepartie du Service, \u00e0 d\u00e9faut d\u2019un tarif affich\u00e9 sur le site internet <a href=\"http:\/\/www.tomdog.fr\/en\/\" target=\"_new\" rel=\"noreferrer noopener\">www.tomdog.fr<\/a> ou r\u00e9sultat d\u2019un accord entre LE CLIENT et TOMDOG MARIUSKA GARCIA, le client versera une r\u00e9mun\u00e9ration (la \u00ab R\u00e9mun\u00e9ration \u00bb) au prestataire au taux de 40,00 \u20ac par heure. La R\u00e9mun\u00e9ration sera vers\u00e9e \u00e0 la fin de la prestation du Service et un re\u00e7u sera syst\u00e9matiquement remis au CLIENT par TOMDOG MARIUSKA GARCIA. Une facture peut \u00eatre remise ; elle est envoy\u00e9e par voie d\u00e9mat\u00e9rialis\u00e9e dans les 48h suivant le r\u00e8glement de la r\u00e9mun\u00e9ration. La R\u00e9mun\u00e9ration est indiqu\u00e9e toute taxe comprise.<\/p>\n<h3>Paiement d&rsquo;Arrhes<\/h3>\n<p>TOMDOG MARIUSKA GARCIA se r\u00e9serve le droit de demander le paiement d&rsquo;arrhes avant la r\u00e9alisation de la prestation. Le montant des arrhes sera d\u00e9termin\u00e9 en fonction de la nature et de la dur\u00e9e de la prestation convenue entre les Parties. Le paiement des arrhes devra \u00eatre effectu\u00e9 au plus tard 48 heures avant la date de la prestation. En cas d&rsquo;annulation de la prestation par le client, ou non-pr\u00e9sentation \u00e0 son rendez-vous, les arrhes vers\u00e9es ne seront pas rembours\u00e9es, sauf accord contraire entre les Parties. En cas de non versement dans les d\u00e9lais prescrits, le rendez-vous sera annul\u00e9.<\/p>\n<h3>Remboursement des frais<\/h3>\n<p>Le prestataire sera rembours\u00e9 de ses frais approuv\u00e9s au pr\u00e9alable. Le prestataire fournira au client les justificatifs desdits frais.<\/p>\n<h3>Confidentialit\u00e9<\/h3>\n<p>Les informations confidentielles (\u00ab Informations confidentielles \u00bb) d\u00e9signent toutes les donn\u00e9es et informations relatives aux affaires du client dont le client pourrait raisonnablement \u00eatre consid\u00e9r\u00e9 comme le propri\u00e9taire, ce qui inclut, sans toutefois s\u2019y limiter, les registres comptables, les processus op\u00e9rationnels et les registres de clients ainsi que toute information qui n\u2019est pas g\u00e9n\u00e9ralement connue dans le secteur du client et dans le cas o\u00f9 l\u2019on peut raisonnablement s\u2019attendre \u00e0 ce que personne ne la divulgue. Le prestataire s\u2019engage \u00e0 ne pas r\u00e9v\u00e9ler, divulguer, rapporter ou se servir d\u2019aucune Information confidentielle sans autorisation du Client. Cette obligation continue apr\u00e8s la r\u00e9siliation du Contrat et prendra fin \u00e0 une date ind\u00e9termin\u00e9e. Toutes les informations \u00e9crites et orales et tous les mat\u00e9riels divulgu\u00e9s ou fournis par le client au prestataire dans le cadre du Contrat sont des Informations confidentielles, nonobstant le moment ou la mani\u00e8re dont ils sont fournis au prestataire.<\/p>\n<h3>Propri\u00e9t\u00e9 des mat\u00e9riels et propri\u00e9t\u00e9 intellectuelle<\/h3>\n<p>Toute propri\u00e9t\u00e9 intellectuelle et tous les mat\u00e9riels connexes (la \u00ab Propri\u00e9t\u00e9 intellectuelle \u00bb), dont tout travail ou photographie du travail, m\u00eame s\u2019il s\u2019agit de l\u2019animal du client, ou produit connexe en cours de d\u00e9veloppement dans le cadre du Contrat, seront la propri\u00e9t\u00e9 exclusive du prestataire. L\u2019utilisation de la Propri\u00e9t\u00e9 intellectuelle par le client fera l\u2019objet d\u2019une licence d\u2019utilisation limit\u00e9e. Le titre et les droits de propri\u00e9t\u00e9 ainsi que les droits de distribution de la Propri\u00e9t\u00e9 intellectuelle restent exclusivement chez le prestataire.<\/p>\n<h3>Restitution de biens<\/h3>\n<p>\u00c0 l\u2019expiration ou \u00e0 la r\u00e9siliation du Contrat, le prestataire retournera au client tous les biens, les documents, les dossiers, les Informations confidentielles, ou la Propri\u00e9t\u00e9 intellectuelle appartenant au client.<\/p>\n<h3>Travailleur ind\u00e9pendant<\/h3>\n<p>Lors de la prestation du Service dans le cadre du Contrat, il est express\u00e9ment convenu que le prestataire agit en tant que travailleur ind\u00e9pendant et non pas en tant qu\u2019employ\u00e9 du client. Le prestataire et le client reconnaissent que le Contrat ne cr\u00e9e pas de partenariat ou d\u2019entreprise commune entre eux, et ne constitue qu\u2019un contrat de prestation de service.<\/p>\n<h3>Avis<\/h3>\n<p>Tout avis, demande ou autre notification exig\u00e9 ou permis par les dispositions du Contrat sera adress\u00e9 par \u00e9crit et livr\u00e9 aux Parties aux adresses indiqu\u00e9es ci-dessous ou \u00e0 toute autre adresse qu\u2019une Partie pourra signaler \u00e0 l\u2019autre, le cas \u00e9ch\u00e9ant. <a rel=\"noreferrer\">contact@tomdog.fr<\/a> TOMDOG 1 rue Jeanne d\u2019Arc, 13640 La Roque d\u2019Anth\u00e9ron<\/p>\n<h3>Indemnisation<\/h3>\n<p>Sauf dans la mesure de versements \u00e0 titre de r\u00e8glement de contrats d\u2019assurance et dans la mesure permise par la loi en vigueur, chaque Partie accepte de tenir indemne et \u00e0 couvert l\u2019autre Partie, ses directeurs, ses actionnaires, ses agents, ses employ\u00e9s, ses successeurs et ses ayants droit autoris\u00e9s de tous types de r\u00e9clamations, demandes, pertes, d\u00e9g\u00e2ts, responsabilit\u00e9s, sanctions, dommages-int\u00e9r\u00eats punitifs, d\u00e9penses, honoraires juridiques raisonnables et de co\u00fbts de toute sorte et de tout montant qui r\u00e9sultent ou d\u00e9coulent d\u2019un acte ou d\u2019une omission dans le cadre du Contrat, commis par la partie responsable de l\u2019indemnisation, ses directeurs, ses actionnaires, ses agents, ses employ\u00e9s, ses successeurs et ses ayants droit autoris\u00e9s. Cette indemnisation survivra \u00e0 la r\u00e9siliation du Contrat.<\/p>\n<h3>Assurance responsabilit\u00e9 civile professionnelle<\/h3>\n<p>Il sera requis du prestataire de poss\u00e9der une assurance responsabilit\u00e9 civile professionnelle, couvrant notamment les dommages corporels et les dommages mat\u00e9riels, d\u2019un niveau consid\u00e9r\u00e9 raisonnable dans le secteur du prestataire sur la base des risques li\u00e9s aux caract\u00e9ristiques du Contrat et seulement dans la mesure pr\u00e9vue par la loi. Toutes les polices d\u2019assurance resteront inchang\u00e9es pendant la dur\u00e9e du Contrat.<\/p>\n<h3>Modifications du Contrat<\/h3>\n<p>Toute modification du Contrat sera \u00e9crite et sign\u00e9e par chaque Partie ou leurs repr\u00e9sentants autoris\u00e9s.<\/p>\n<h3>Respect des d\u00e9lais<\/h3>\n<p>Le temps est une condition essentielle du Contrat. Aucune extension ou variation du Contrat ne constituera de renonciation \u00e0 cette disposition.<\/p>\n<h3>Affectation<\/h3>\n<p>Le prestataire n\u2019attribuera ni ne transf\u00e9rera ses obligations dans le cadre du Contrat, sans avoir obtenu au pr\u00e9alable le consentement par \u00e9crit du client.<\/p>\n<h3>Accord int\u00e9gral<\/h3>\n<p>Ce Contrat contient l\u2019ensemble de l\u2019accord stipul\u00e9 entre les Parties.<\/p>\n<h3>Loi applicable<\/h3>\n<p>Ce Contrat sera interpr\u00e9t\u00e9 et r\u00e9gi conform\u00e9ment aux lois fran\u00e7aises.<\/p>\n<h3>Divisibilit\u00e9<\/h3>\n<p>Dans l\u2019\u00e9ventualit\u00e9 o\u00f9 un tribunal comp\u00e9tent d\u00e9clare l\u2019une des dispositions invalide ou inex\u00e9cutable, ladite disposition sera modifi\u00e9e par le tribunal seulement dans la mesure n\u00e9cessaire \u00e0 la rendre raisonnable et applicable et toutes les autres dispositions restent valides et applicables.<\/p>\n<h3>Renonciation<\/h3>\n<p>La renonciation d\u2019une Partie \u00e0 invoquer de recours d\u2019une violation, un manquement, un retard ou une omission quant \u00e0 l\u2019une des dispositions du Contrat par l\u2019autre Partie ne sera pas interpr\u00e9t\u00e9e comme une renonciation \u00e0 invoquer de recours d\u2019autres violations, manquements, retards ou omissions.<\/p>\n<h3>Fait \u00e0 La Roque d\u2019Anth\u00e9ron le jour d\u2019ex\u00e9cution de la prestation.<\/h3>","protected":false},"excerpt":{"rendered":"<p>Conditions G\u00e9n\u00e9rales de Vente de Prestation \u2013 ENTRE \u2013 Le client ayant mis son animal \u00e0 la disposition de TOMDOG<\/p>","protected":false},"author":1,"featured_media":0,"parent":0,"menu_order":0,"comment_status":"closed","ping_status":"closed","template":"","meta":{"footnotes":""},"class_list":["post-3643","page","type-page","status-publish","hentry"],"yoast_head":"<!-- This site is optimized with the Yoast SEO plugin v27.3 - https:\/\/yoast.com\/product\/yoast-seo-wordpress\/ -->\n<title>Conditions G\u00e9n\u00e9rales de Vente de prestations - TOMDOG<\/title>\n<meta name=\"robots\" content=\"index, follow, max-snippet:-1, max-image-preview:large, max-video-preview:-1\" \/>\n<link rel=\"canonical\" href=\"https:\/\/www.tomdog.fr\/en\/conditions-generales-de-vente-de-prestations\/\" \/>\n<meta property=\"og:locale\" content=\"en_US\" \/>\n<meta property=\"og:type\" content=\"article\" \/>\n<meta property=\"og:title\" content=\"Conditions G\u00e9n\u00e9rales de Vente de prestations - TOMDOG\" \/>\n<meta property=\"og:description\" content=\"Conditions G\u00e9n\u00e9rales de Vente de Prestation \u2013 ENTRE \u2013 Le client ayant mis son animal \u00e0 la disposition de TOMDOG\" \/>\n<meta property=\"og:url\" content=\"https:\/\/www.tomdog.fr\/en\/conditions-generales-de-vente-de-prestations\/\" \/>\n<meta property=\"og:site_name\" content=\"TOMDOG\" \/>\n<meta property=\"article:publisher\" content=\"https:\/\/www.facebook.com\/tomdogofficial\/\" \/>\n<meta property=\"article:modified_time\" content=\"2024-08-01T03:31:04+00:00\" \/>\n<meta name=\"twitter:card\" content=\"summary_large_image\" \/>\n<meta name=\"twitter:label1\" content=\"Est. reading time\" \/>\n\t<meta name=\"twitter:data1\" content=\"7 minutes\" \/>\n<script type=\"application\/ld+json\" class=\"yoast-schema-graph\">{\"@context\":\"https:\\\/\\\/schema.org\",\"@graph\":[{\"@type\":\"WebPage\",\"@id\":\"https:\\\/\\\/www.tomdog.fr\\\/conditions-generales-de-vente-de-prestations\\\/\",\"url\":\"https:\\\/\\\/www.tomdog.fr\\\/conditions-generales-de-vente-de-prestations\\\/\",\"name\":\"Conditions G\u00e9n\u00e9rales de Vente de prestations - TOMDOG\",\"isPartOf\":{\"@id\":\"https:\\\/\\\/www.tomdog.fr\\\/#website\"},\"datePublished\":\"2021-12-19T11:12:28+00:00\",\"dateModified\":\"2024-08-01T03:31:04+00:00\",\"breadcrumb\":{\"@id\":\"https:\\\/\\\/www.tomdog.fr\\\/conditions-generales-de-vente-de-prestations\\\/#breadcrumb\"},\"inLanguage\":\"en-US\",\"potentialAction\":[{\"@type\":\"ReadAction\",\"target\":[\"https:\\\/\\\/www.tomdog.fr\\\/conditions-generales-de-vente-de-prestations\\\/\"]}]},{\"@type\":\"BreadcrumbList\",\"@id\":\"https:\\\/\\\/www.tomdog.fr\\\/conditions-generales-de-vente-de-prestations\\\/#breadcrumb\",\"itemListElement\":[{\"@type\":\"ListItem\",\"position\":1,\"name\":\"Accueil\",\"item\":\"https:\\\/\\\/www.tomdog.fr\\\/\"},{\"@type\":\"ListItem\",\"position\":2,\"name\":\"Conditions G\u00e9n\u00e9rales de Vente de prestations\"}]},{\"@type\":\"WebSite\",\"@id\":\"https:\\\/\\\/www.tomdog.fr\\\/#website\",\"url\":\"https:\\\/\\\/www.tomdog.fr\\\/\",\"name\":\"TOMDOG\",\"description\":\"Le salon de toilettage o\u00f9 votre animal est roi !\",\"publisher\":{\"@id\":\"https:\\\/\\\/www.tomdog.fr\\\/#organization\"},\"potentialAction\":[{\"@type\":\"SearchAction\",\"target\":{\"@type\":\"EntryPoint\",\"urlTemplate\":\"https:\\\/\\\/www.tomdog.fr\\\/?s={search_term_string}\"},\"query-input\":{\"@type\":\"PropertyValueSpecification\",\"valueRequired\":true,\"valueName\":\"search_term_string\"}}],\"inLanguage\":\"en-US\"},{\"@type\":\"Organization\",\"@id\":\"https:\\\/\\\/www.tomdog.fr\\\/#organization\",\"name\":\"TOMDOG\",\"url\":\"https:\\\/\\\/www.tomdog.fr\\\/\",\"logo\":{\"@type\":\"ImageObject\",\"inLanguage\":\"en-US\",\"@id\":\"https:\\\/\\\/www.tomdog.fr\\\/#\\\/schema\\\/logo\\\/image\\\/\",\"url\":\"https:\\\/\\\/i0.wp.com\\\/www.tomdog.fr\\\/wp-content\\\/uploads\\\/2022\\\/12\\\/Logo-TOMDOG-Toilettage-e1675083601520.png?fit=155%2C51&ssl=1\",\"contentUrl\":\"https:\\\/\\\/i0.wp.com\\\/www.tomdog.fr\\\/wp-content\\\/uploads\\\/2022\\\/12\\\/Logo-TOMDOG-Toilettage-e1675083601520.png?fit=155%2C51&ssl=1\",\"width\":155,\"height\":51,\"caption\":\"TOMDOG\"},\"image\":{\"@id\":\"https:\\\/\\\/www.tomdog.fr\\\/#\\\/schema\\\/logo\\\/image\\\/\"},\"sameAs\":[\"https:\\\/\\\/www.facebook.com\\\/tomdogofficial\\\/\",\"https:\\\/\\\/www.instagram.com\\\/tomdogofficial\\\/\"]}]}<\/script>\n<!-- \/ Yoast SEO plugin. -->","yoast_head_json":{"title":"Conditions G\u00e9n\u00e9rales de Vente de prestations - TOMDOG","robots":{"index":"index","follow":"follow","max-snippet":"max-snippet:-1","max-image-preview":"max-image-preview:large","max-video-preview":"max-video-preview:-1"},"canonical":"https:\/\/www.tomdog.fr\/en\/conditions-generales-de-vente-de-prestations\/","og_locale":"en_US","og_type":"article","og_title":"Conditions G\u00e9n\u00e9rales de Vente de prestations - TOMDOG","og_description":"Conditions G\u00e9n\u00e9rales de Vente de Prestation \u2013 ENTRE \u2013 Le client ayant mis son animal \u00e0 la disposition de TOMDOG","og_url":"https:\/\/www.tomdog.fr\/en\/conditions-generales-de-vente-de-prestations\/","og_site_name":"TOMDOG","article_publisher":"https:\/\/www.facebook.com\/tomdogofficial\/","article_modified_time":"2024-08-01T03:31:04+00:00","twitter_card":"summary_large_image","twitter_misc":{"Est. reading time":"7 minutes"},"schema":{"@context":"https:\/\/schema.org","@graph":[{"@type":"WebPage","@id":"https:\/\/www.tomdog.fr\/conditions-generales-de-vente-de-prestations\/","url":"https:\/\/www.tomdog.fr\/conditions-generales-de-vente-de-prestations\/","name":"Conditions G\u00e9n\u00e9rales de Vente de prestations - TOMDOG","isPartOf":{"@id":"https:\/\/www.tomdog.fr\/#website"},"datePublished":"2021-12-19T11:12:28+00:00","dateModified":"2024-08-01T03:31:04+00:00","breadcrumb":{"@id":"https:\/\/www.tomdog.fr\/conditions-generales-de-vente-de-prestations\/#breadcrumb"},"inLanguage":"en-US","potentialAction":[{"@type":"ReadAction","target":["https:\/\/www.tomdog.fr\/conditions-generales-de-vente-de-prestations\/"]}]},{"@type":"BreadcrumbList","@id":"https:\/\/www.tomdog.fr\/conditions-generales-de-vente-de-prestations\/#breadcrumb","itemListElement":[{"@type":"ListItem","position":1,"name":"Accueil","item":"https:\/\/www.tomdog.fr\/"},{"@type":"ListItem","position":2,"name":"Conditions G\u00e9n\u00e9rales de Vente de prestations"}]},{"@type":"WebSite","@id":"https:\/\/www.tomdog.fr\/#website","url":"https:\/\/www.tomdog.fr\/","name":"TOMDOG","description":"Le salon de toilettage o\u00f9 votre animal est roi !","publisher":{"@id":"https:\/\/www.tomdog.fr\/#organization"},"potentialAction":[{"@type":"SearchAction","target":{"@type":"EntryPoint","urlTemplate":"https:\/\/www.tomdog.fr\/?s={search_term_string}"},"query-input":{"@type":"PropertyValueSpecification","valueRequired":true,"valueName":"search_term_string"}}],"inLanguage":"en-US"},{"@type":"Organization","@id":"https:\/\/www.tomdog.fr\/#organization","name":"TOMDOG","url":"https:\/\/www.tomdog.fr\/","logo":{"@type":"ImageObject","inLanguage":"en-US","@id":"https:\/\/www.tomdog.fr\/#\/schema\/logo\/image\/","url":"https:\/\/i0.wp.com\/www.tomdog.fr\/wp-content\/uploads\/2022\/12\/Logo-TOMDOG-Toilettage-e1675083601520.png?fit=155%2C51&ssl=1","contentUrl":"https:\/\/i0.wp.com\/www.tomdog.fr\/wp-content\/uploads\/2022\/12\/Logo-TOMDOG-Toilettage-e1675083601520.png?fit=155%2C51&ssl=1","width":155,"height":51,"caption":"TOMDOG"},"image":{"@id":"https:\/\/www.tomdog.fr\/#\/schema\/logo\/image\/"},"sameAs":["https:\/\/www.facebook.com\/tomdogofficial\/","https:\/\/www.instagram.com\/tomdogofficial\/"]}]}},"jetpack_shortlink":"https:\/\/wp.me\/PdCQ08-WL","_links":{"self":[{"href":"https:\/\/www.tomdog.fr\/en\/wp-json\/wp\/v2\/pages\/3643","targetHints":{"allow":["GET"]}}],"collection":[{"href":"https:\/\/www.tomdog.fr\/en\/wp-json\/wp\/v2\/pages"}],"about":[{"href":"https:\/\/www.tomdog.fr\/en\/wp-json\/wp\/v2\/types\/page"}],"author":[{"embeddable":true,"href":"https:\/\/www.tomdog.fr\/en\/wp-json\/wp\/v2\/users\/1"}],"replies":[{"embeddable":true,"href":"https:\/\/www.tomdog.fr\/en\/wp-json\/wp\/v2\/comments?post=3643"}],"version-history":[{"count":2,"href":"https:\/\/www.tomdog.fr\/en\/wp-json\/wp\/v2\/pages\/3643\/revisions"}],"predecessor-version":[{"id":11585,"href":"https:\/\/www.tomdog.fr\/en\/wp-json\/wp\/v2\/pages\/3643\/revisions\/11585"}],"wp:attachment":[{"href":"https:\/\/www.tomdog.fr\/en\/wp-json\/wp\/v2\/media?parent=3643"}],"curies":[{"name":"wp","href":"https:\/\/api.w.org\/{rel}","templated":true}]}}