{"id":2763,"date":"2017-08-10T14:48:45","date_gmt":"2017-08-10T14:48:45","guid":{"rendered":"http:\/\/www.tomdog.fr\/home-copy\/"},"modified":"2024-10-18T12:45:44","modified_gmt":"2024-10-18T10:45:44","slug":"a-propos-de-tom-dog","status":"publish","type":"page","link":"https:\/\/www.tomdog.fr\/en\/a-propos-de-tom-dog\/","title":{"rendered":"A propos"},"content":{"rendered":"<section class=\"fw-main-row  ls ms section_padding_top_40 section_padding_bottom_40 columns_padding_15\">\n<h3 class=\"hidden\">Intro<\/h3>\n<div class=\"container\">\n<div class=\"row\">\n<div class=\"col-xs-12 to_animate\" data-animation=\"expandUp\">\n<div class=\"special-heading text-center\">\n<h3 class=\"section_header margin_0\"><span class=\"bold\"><br \/>\nSur Rendez-vous : 07 68 85 43 27 <\/span><\/h3>\n<p class=\"paragraph\"><span class=\"regular\"><\/p>\n<p><\/span><\/p>\n<\/div>\n<\/div>\n<\/div>\n<\/div>\n<\/section>\n<section id=\"about\" class=\"fw-main-row  ls section_padding_top_100 section_padding_bottom_50 columns_padding_15\">\n<h3 class=\"hidden\">About<\/h3>\n<div class=\"container\">\n<div class=\"row\">\n<div class=\"col-xs-12 to_animate text-center col-sm-10 col-sm-offset-1 col-lg-8 col-lg-offset-2\" data-animation=\"fadeInUp\">\n<div class=\"shortcode-icon\">\n<div class=\"icon-wrap size_normal default_icon color_1\"><\/div>\n<\/div>\n<div class=\"fw-divider-space\" style=\"padding-top: 20px;\"><\/div>\n<div class=\"special-heading text-center\">\n<h2 class=\"section_header margin_0\"><span class=\"grey bold\"><br \/>\nToilettage <\/span><\/h2>\n<p class=\"paragraph\"><span class=\"regular text-uppercase spacing-text-small\"><br \/>\nLA SANT\u00c9 ET LE BIEN \u00caTRE DE VOTRE CHIEN SONT MIS AU PREMIER PLAN <\/span><\/p>\n<\/div>\n<div class=\"fw-divider-space\" style=\"padding-top: 45px;\"><\/div>\n<\/div>\n<div class=\"col-xs-12 col-md-6 to_animate\" data-animation=\"slideInRight\"><img data-recalc-dims=\"1\" decoding=\"async\" src=\"https:\/\/i0.wp.com\/www.tomdog.fr\/wp-content\/uploads\/2021\/04\/A-propos-Tom-Dog.jpg?w=891\" alt=\"\/\/www.tomdog.fr\/wp-content\/uploads\/2021\/04\/A-propos-Tom-Dog.jpg\" \/><\/div>\n<div class=\"col-xs-12 col-md-6 to_animate\" data-animation=\"slideInLeft\">\n<div class=\"text-block\">\n<p>Chez TOMDOG, je propose des soins de toilettage de qualit\u00e9. Je me soucie profond\u00e9ment du bien-\u00eatre de chaque chien que vous me confiez.<\/p>\n<p>Mon objectif est de vous satisfaire en apportant le meilleur des soins \u00e0 votre animal, en mettant son hygi\u00e8ne et sa sant\u00e9 au premier plan.<\/p>\n<\/div>\n<div class=\"fw-divider-space\" style=\"padding-top: 25px;\"><\/div>\n<div class=\"text-block\">\n<ul class=\"list1\">\n<li>Hygi\u00e8ne globale, son poil, oreilles,<\/li>\n<li>Traitements doux du poil,<\/li>\n<li>Soin des pates (coussinets, ongles)<\/li>\n<li>Epilation, coupe et tonte<\/li>\n<\/ul>\n<\/div>\n<\/div>\n<\/div>\n<\/div>\n<\/section>\n<section id=\"about\" class=\"fw-main-row  ls ms section_padding_top_100 section_padding_bottom_50 columns_padding_15\">\n<h3 class=\"hidden\">Pourquoi ?<\/h3>\n<div class=\"container\">\n<div class=\"row\">\n<div class=\"col-xs-12 to_animate text-center col-sm-10 col-sm-offset-1 col-lg-8 col-lg-offset-2\" data-animation=\"fadeInUp\">\n<div class=\"shortcode-icon\">\n<div class=\"icon-wrap size_normal default_icon color_4\"><\/div>\n<\/div>\n<div class=\"fw-divider-space\" style=\"padding-top: 20px;\"><\/div>\n<div class=\"special-heading text-center\">\n<h2 class=\"section_header margin_0\"><span class=\"grey bold\"><br \/>\nPourquoi faire appel \u00e0 moi? <\/span><\/h2>\n<p class=\"paragraph\"><span class=\"regular text-uppercase spacing-text-small\"><br \/>\nMon atout principal c&rsquo;est mon \u00e9nergie <\/span><\/p>\n<\/div>\n<div class=\"fw-divider-space\" style=\"padding-top: 45px;\"><\/div>\n<\/div>\n<div class=\"col-xs-12 to_animate text-center\" data-animation=\"slideInLeft\">\n<div class=\"row columns_padding_15\">\n<div class=\"col-md-4\">\n<div class=\"teaser icon_top  with_padding with_background ls rounded\">\n<p>Qualit\u00e9 de service<\/p>\n<p>Je suis un processus exigeant de prise en charge de votre chien pour garantir son bien-\u00eatre et votre satisfaction.<\/p>\n<\/div>\n<\/div>\n<p><!-- eof teaser --><\/p>\n<div class=\"col-md-4\">\n<div class=\"teaser icon_top  with_padding with_background ls rounded\">\n<p>Rapport qualit\u00e9\/prix<\/p>\n<p>Les avis clients disponibles sur Truspilot et Google attestent d&rsquo;un bon rapport qualit\u00e9 prix. Je m&rsquo;efforce \u00e0 satisfaire mes clients.<\/p>\n<\/div>\n<\/div>\n<p><!-- eof teaser --><\/p>\n<div class=\"col-md-4\">\n<div class=\"teaser icon_top  with_padding with_background ls rounded\">\n<p>Disponibilit\u00e9<\/p>\n<p>Un coup de t\u00e9l\u00e9phone, une demande sur Facebook ou Instagram et vous obtenez une date de rendez-vous tr\u00e8s rapidement.<\/p>\n<\/div>\n<\/div>\n<p><!-- eof teaser --><\/p>\n<\/div>\n<p><!-- eof teasers row --><\/p>\n<div class=\"fw-divider-space\" style=\"padding-top: 25px;\"><\/div>\n<p><a class=\"theme_button color3 wide_button\" target=\"_self\" rel=\"noopener\"><br \/>\nRDV : 07 68 85 43 27<\/a><\/p>\n<\/div>\n<\/div>\n<\/div>\n<\/section>\n<p><!-- 4dfb2489ac53c6426883a58657dd21a4 --><\/p>","protected":false},"excerpt":{"rendered":"<p>Intro Sur Rendez-vous : 07 68 85 43 27 About Toilettage LA SANT\u00c9 ET LE BIEN \u00caTRE DE VOTRE CHIEN<\/p>","protected":false},"author":1,"featured_media":0,"parent":0,"menu_order":0,"comment_status":"closed","ping_status":"closed","template":"page-templates\/full-width.php","meta":{"footnotes":""},"class_list":["post-2763","page","type-page","status-publish","hentry"],"yoast_head":"<!-- This site is optimized with the Yoast SEO plugin v27.3 - https:\/\/yoast.com\/product\/yoast-seo-wordpress\/ -->\n<title>A propos - TOMDOG<\/title>\n<meta name=\"description\" content=\"Toilettage Canin et F\u00e9lin \u00e0 La Roque d&#039;Anth\u00e9ron et aux alentours. Bain, coupe des ongles, coupe ciseaux, tonte. Unique dans les environs !\" \/>\n<meta name=\"robots\" content=\"index, follow, max-snippet:-1, max-image-preview:large, max-video-preview:-1\" \/>\n<link rel=\"canonical\" href=\"https:\/\/www.tomdog.fr\/en\/a-propos-de-tom-dog\/\" \/>\n<meta property=\"og:locale\" content=\"en_US\" \/>\n<meta property=\"og:type\" content=\"article\" \/>\n<meta property=\"og:title\" content=\"A propos - TOMDOG\" \/>\n<meta property=\"og:description\" content=\"Toilettage Canin et F\u00e9lin \u00e0 La Roque d&#039;Anth\u00e9ron et aux alentours. Bain, coupe des ongles, coupe ciseaux, tonte. Unique dans les environs !\" \/>\n<meta property=\"og:url\" content=\"https:\/\/www.tomdog.fr\/en\/a-propos-de-tom-dog\/\" \/>\n<meta property=\"og:site_name\" content=\"TOMDOG\" \/>\n<meta property=\"article:publisher\" content=\"https:\/\/www.facebook.com\/tomdogofficial\/\" \/>\n<meta property=\"article:modified_time\" content=\"2024-10-18T10:45:44+00:00\" \/>\n<meta name=\"twitter:card\" content=\"summary_large_image\" \/>\n<meta name=\"twitter:label1\" content=\"Est. reading time\" \/>\n\t<meta name=\"twitter:data1\" content=\"2 minutes\" \/>\n<script type=\"application\/ld+json\" class=\"yoast-schema-graph\">{\"@context\":\"https:\\\/\\\/schema.org\",\"@graph\":[{\"@type\":\"WebPage\",\"@id\":\"https:\\\/\\\/www.tomdog.fr\\\/a-propos-de-tom-dog\\\/\",\"url\":\"https:\\\/\\\/www.tomdog.fr\\\/a-propos-de-tom-dog\\\/\",\"name\":\"A propos - TOMDOG\",\"isPartOf\":{\"@id\":\"https:\\\/\\\/www.tomdog.fr\\\/#website\"},\"datePublished\":\"2017-08-10T14:48:45+00:00\",\"dateModified\":\"2024-10-18T10:45:44+00:00\",\"description\":\"Toilettage Canin et F\u00e9lin \u00e0 La Roque d'Anth\u00e9ron et aux alentours. Bain, coupe des ongles, coupe ciseaux, tonte. Unique dans les environs !\",\"breadcrumb\":{\"@id\":\"https:\\\/\\\/www.tomdog.fr\\\/a-propos-de-tom-dog\\\/#breadcrumb\"},\"inLanguage\":\"en-US\",\"potentialAction\":[{\"@type\":\"ReadAction\",\"target\":[\"https:\\\/\\\/www.tomdog.fr\\\/a-propos-de-tom-dog\\\/\"]}]},{\"@type\":\"BreadcrumbList\",\"@id\":\"https:\\\/\\\/www.tomdog.fr\\\/a-propos-de-tom-dog\\\/#breadcrumb\",\"itemListElement\":[{\"@type\":\"ListItem\",\"position\":1,\"name\":\"Accueil\",\"item\":\"https:\\\/\\\/www.tomdog.fr\\\/\"},{\"@type\":\"ListItem\",\"position\":2,\"name\":\"A propos\"}]},{\"@type\":\"WebSite\",\"@id\":\"https:\\\/\\\/www.tomdog.fr\\\/#website\",\"url\":\"https:\\\/\\\/www.tomdog.fr\\\/\",\"name\":\"TOMDOG\",\"description\":\"Le salon de toilettage o\u00f9 votre animal est roi !\",\"publisher\":{\"@id\":\"https:\\\/\\\/www.tomdog.fr\\\/#organization\"},\"potentialAction\":[{\"@type\":\"SearchAction\",\"target\":{\"@type\":\"EntryPoint\",\"urlTemplate\":\"https:\\\/\\\/www.tomdog.fr\\\/?s={search_term_string}\"},\"query-input\":{\"@type\":\"PropertyValueSpecification\",\"valueRequired\":true,\"valueName\":\"search_term_string\"}}],\"inLanguage\":\"en-US\"},{\"@type\":\"Organization\",\"@id\":\"https:\\\/\\\/www.tomdog.fr\\\/#organization\",\"name\":\"TOMDOG\",\"url\":\"https:\\\/\\\/www.tomdog.fr\\\/\",\"logo\":{\"@type\":\"ImageObject\",\"inLanguage\":\"en-US\",\"@id\":\"https:\\\/\\\/www.tomdog.fr\\\/#\\\/schema\\\/logo\\\/image\\\/\",\"url\":\"https:\\\/\\\/i0.wp.com\\\/www.tomdog.fr\\\/wp-content\\\/uploads\\\/2022\\\/12\\\/Logo-TOMDOG-Toilettage-e1675083601520.png?fit=155%2C51&ssl=1\",\"contentUrl\":\"https:\\\/\\\/i0.wp.com\\\/www.tomdog.fr\\\/wp-content\\\/uploads\\\/2022\\\/12\\\/Logo-TOMDOG-Toilettage-e1675083601520.png?fit=155%2C51&ssl=1\",\"width\":155,\"height\":51,\"caption\":\"TOMDOG\"},\"image\":{\"@id\":\"https:\\\/\\\/www.tomdog.fr\\\/#\\\/schema\\\/logo\\\/image\\\/\"},\"sameAs\":[\"https:\\\/\\\/www.facebook.com\\\/tomdogofficial\\\/\",\"https:\\\/\\\/www.instagram.com\\\/tomdogofficial\\\/\"]}]}<\/script>\n<!-- \/ Yoast SEO plugin. -->","yoast_head_json":{"title":"A propos - TOMDOG","description":"Toilettage Canin et F\u00e9lin \u00e0 La Roque d'Anth\u00e9ron et aux alentours. Bain, coupe des ongles, coupe ciseaux, tonte. Unique dans les environs !","robots":{"index":"index","follow":"follow","max-snippet":"max-snippet:-1","max-image-preview":"max-image-preview:large","max-video-preview":"max-video-preview:-1"},"canonical":"https:\/\/www.tomdog.fr\/en\/a-propos-de-tom-dog\/","og_locale":"en_US","og_type":"article","og_title":"A propos - TOMDOG","og_description":"Toilettage Canin et F\u00e9lin \u00e0 La Roque d'Anth\u00e9ron et aux alentours. Bain, coupe des ongles, coupe ciseaux, tonte. Unique dans les environs !","og_url":"https:\/\/www.tomdog.fr\/en\/a-propos-de-tom-dog\/","og_site_name":"TOMDOG","article_publisher":"https:\/\/www.facebook.com\/tomdogofficial\/","article_modified_time":"2024-10-18T10:45:44+00:00","twitter_card":"summary_large_image","twitter_misc":{"Est. reading time":"2 minutes"},"schema":{"@context":"https:\/\/schema.org","@graph":[{"@type":"WebPage","@id":"https:\/\/www.tomdog.fr\/a-propos-de-tom-dog\/","url":"https:\/\/www.tomdog.fr\/a-propos-de-tom-dog\/","name":"A propos - TOMDOG","isPartOf":{"@id":"https:\/\/www.tomdog.fr\/#website"},"datePublished":"2017-08-10T14:48:45+00:00","dateModified":"2024-10-18T10:45:44+00:00","description":"Toilettage Canin et F\u00e9lin \u00e0 La Roque d'Anth\u00e9ron et aux alentours. Bain, coupe des ongles, coupe ciseaux, tonte. Unique dans les environs !","breadcrumb":{"@id":"https:\/\/www.tomdog.fr\/a-propos-de-tom-dog\/#breadcrumb"},"inLanguage":"en-US","potentialAction":[{"@type":"ReadAction","target":["https:\/\/www.tomdog.fr\/a-propos-de-tom-dog\/"]}]},{"@type":"BreadcrumbList","@id":"https:\/\/www.tomdog.fr\/a-propos-de-tom-dog\/#breadcrumb","itemListElement":[{"@type":"ListItem","position":1,"name":"Accueil","item":"https:\/\/www.tomdog.fr\/"},{"@type":"ListItem","position":2,"name":"A propos"}]},{"@type":"WebSite","@id":"https:\/\/www.tomdog.fr\/#website","url":"https:\/\/www.tomdog.fr\/","name":"TOMDOG","description":"Le salon de toilettage o\u00f9 votre animal est roi !","publisher":{"@id":"https:\/\/www.tomdog.fr\/#organization"},"potentialAction":[{"@type":"SearchAction","target":{"@type":"EntryPoint","urlTemplate":"https:\/\/www.tomdog.fr\/?s={search_term_string}"},"query-input":{"@type":"PropertyValueSpecification","valueRequired":true,"valueName":"search_term_string"}}],"inLanguage":"en-US"},{"@type":"Organization","@id":"https:\/\/www.tomdog.fr\/#organization","name":"TOMDOG","url":"https:\/\/www.tomdog.fr\/","logo":{"@type":"ImageObject","inLanguage":"en-US","@id":"https:\/\/www.tomdog.fr\/#\/schema\/logo\/image\/","url":"https:\/\/i0.wp.com\/www.tomdog.fr\/wp-content\/uploads\/2022\/12\/Logo-TOMDOG-Toilettage-e1675083601520.png?fit=155%2C51&ssl=1","contentUrl":"https:\/\/i0.wp.com\/www.tomdog.fr\/wp-content\/uploads\/2022\/12\/Logo-TOMDOG-Toilettage-e1675083601520.png?fit=155%2C51&ssl=1","width":155,"height":51,"caption":"TOMDOG"},"image":{"@id":"https:\/\/www.tomdog.fr\/#\/schema\/logo\/image\/"},"sameAs":["https:\/\/www.facebook.com\/tomdogofficial\/","https:\/\/www.instagram.com\/tomdogofficial\/"]}]}},"jetpack_shortlink":"https:\/\/wp.me\/PdCQ08-Iz","_links":{"self":[{"href":"https:\/\/www.tomdog.fr\/en\/wp-json\/wp\/v2\/pages\/2763","targetHints":{"allow":["GET"]}}],"collection":[{"href":"https:\/\/www.tomdog.fr\/en\/wp-json\/wp\/v2\/pages"}],"about":[{"href":"https:\/\/www.tomdog.fr\/en\/wp-json\/wp\/v2\/types\/page"}],"author":[{"embeddable":true,"href":"https:\/\/www.tomdog.fr\/en\/wp-json\/wp\/v2\/users\/1"}],"replies":[{"embeddable":true,"href":"https:\/\/www.tomdog.fr\/en\/wp-json\/wp\/v2\/comments?post=2763"}],"version-history":[{"count":1,"href":"https:\/\/www.tomdog.fr\/en\/wp-json\/wp\/v2\/pages\/2763\/revisions"}],"predecessor-version":[{"id":12432,"href":"https:\/\/www.tomdog.fr\/en\/wp-json\/wp\/v2\/pages\/2763\/revisions\/12432"}],"wp:attachment":[{"href":"https:\/\/www.tomdog.fr\/en\/wp-json\/wp\/v2\/media?parent=2763"}],"curies":[{"name":"wp","href":"https:\/\/api.w.org\/{rel}","templated":true}]}}