{"id":226,"date":"2017-06-12T14:13:39","date_gmt":"2017-06-12T14:13:39","guid":{"rendered":"http:\/\/www.tomdog.fr\/?page_id=226"},"modified":"2023-02-21T13:39:05","modified_gmt":"2023-02-21T12:39:05","slug":"contacts-tomdog","status":"publish","type":"page","link":"https:\/\/www.tomdog.fr\/en\/contacts-tomdog\/","title":{"rendered":"Contacts"},"content":{"rendered":"<section class=\"fw-main-row  ds section_padding_top_50 section_padding_bottom_50 columns_padding_15 background_cover\" style=\"background-image:url(https:\/\/www.tomdog.fr\/wp-content\/uploads\/2017\/06\/map.jpg)\">\n<h3 class=\"hidden\"> Contacts<\/h3>\n<div class=\"container\">\n<div class=\"row\">\n<div class=\"col-xs-12\">\n<div class=\"form-wrapper with_padding overflow-hidden transp_black_bg columns_padding_10\">\n<div class=\"wrap-forms\">\n<div class=\"row\"><\/div>\n<div class=\"row\">\n<div class=\"col-xs-12 col-md-6 form-builder-item color3\">\n<div class=\"form-group has-placeholder\">\n\t\t<label for=\"id-1\">Pr\u00e9nom NOM\t\t\t<sup>*<\/sup>\t\t<\/label><br \/>\n\t\t<i class=\"fa fa-user color3\"><\/i>\n\t\t\t<\/div>\n<\/div>\n<div class=\"col-xs-12 col-md-6 form-builder-item color3\">\n<div class=\"form-group has-placeholder\">\n\t\t<label for=\"id-2\">Num\u00e9ro de t\u00e9l\u00e9phone\t\t\t<sup>*<\/sup>\t\t<\/label><br \/>\n\t\t<i class=\"fa fa-phone color3\"><\/i>\n\t\t\t<\/div>\n<\/div>\n<\/div>\n<div class=\"row\">\n<div class=\"col-xs-12 col-md-6 form-builder-item\">\n<div class=\"form-group has-placeholder\">\n\t\t<label for=\"id-3\">Adresse Email\t\t\t<sup>*<\/sup>\t\t<\/label><br \/>\n\t\t<i class=\"fa fa-envelope color3\"><\/i>\n\t\t\t<\/div>\n<\/div>\n<div class=\"col-xs-12 col-md-6 form-builder-item color3\">\n<div class=\"form-group has-placeholder\">\n\t\t<label for=\"id-4\">Sujet\t\t\t\t\t<\/label><br \/>\n\t\t<i class=\"fa fa-flag color3\"><\/i>\n\t\t\t<\/div>\n<\/div>\n<\/div>\n<div class=\"row\">\n<div class=\"col-xs-12 form-builder-item\">\n<div class=\"form-group has-placeholder\">\n\t\t<label for=\"id-5\">Votre message\t\t\t<sup>*<\/sup>\t\t<\/label><br \/>\n\t\t<i class=\"fa fa-comment color3\"><\/i>\t\t<textarea class=\"form-control\" rows=\"4\" name=\"textarea_4d623ee\" id=\"id-5\"><\/textarea>\n\t\t\t<\/div>\n<\/div>\n<\/div>\n<div class=\"row\">\n<div class=\"col-xs-12 col-md-6 form-builder-item\">\n<div class=\"form-group\">\n\t\t<label for=\"id-6\">V\u00e9rification\t\t\t<sup>*<\/sup>\t\t<\/label><br \/>\n\t\t<i class=\"fa fa-remove color3\"><\/i>\t\t<\/p>\n<p><em>Inscrire le nombre 25<\/em><\/p>\n<\/p><\/div>\n<\/div>\n<\/div>\n<\/div>\n<div class=\"wrap-forms wrap-forms-buttons topmargin_10\">\n<div class=\"row\">\n<div class=\"col-sm-12 wrap-buttons text-center\"><\/div>\n<\/p><\/div>\n<\/div>\n<\/div>\n<\/div><\/div>\n<\/p><\/div>\n<\/section>\n<p><!-- 4adba6f817b0ccfa0f7b051a52eb92d7 --><\/p>","protected":false},"excerpt":{"rendered":"<p>Contacts Pr\u00e9nom NOM * Num\u00e9ro de t\u00e9l\u00e9phone * Adresse Email * Sujet Votre message * V\u00e9rification * Inscrire le nombre<\/p>","protected":false},"author":1,"featured_media":0,"parent":0,"menu_order":0,"comment_status":"closed","ping_status":"closed","template":"page-templates\/full-width.php","meta":{"footnotes":""},"class_list":["post-226","page","type-page","status-publish","hentry"],"yoast_head":"<!-- This site is optimized with the Yoast SEO plugin v27.3 - https:\/\/yoast.com\/product\/yoast-seo-wordpress\/ -->\n<title>Contacts - TOMDOG<\/title>\n<meta name=\"description\" content=\"Vous pouvez contacter TOMDOG en remplissant ce formulaire de contact. En moyenne, je r\u00e9ponds en moins de 2h.\" \/>\n<meta name=\"robots\" content=\"index, follow, max-snippet:-1, max-image-preview:large, max-video-preview:-1\" \/>\n<link rel=\"canonical\" href=\"https:\/\/www.tomdog.fr\/en\/contacts-tomdog\/\" \/>\n<meta property=\"og:locale\" content=\"en_US\" \/>\n<meta property=\"og:type\" content=\"article\" \/>\n<meta property=\"og:title\" content=\"Contacts - TOMDOG\" \/>\n<meta property=\"og:description\" content=\"Vous pouvez contacter TOMDOG en remplissant ce formulaire de contact. En moyenne, je r\u00e9ponds en moins de 2h.\" \/>\n<meta property=\"og:url\" content=\"https:\/\/www.tomdog.fr\/en\/contacts-tomdog\/\" \/>\n<meta property=\"og:site_name\" content=\"TOMDOG\" \/>\n<meta property=\"article:publisher\" content=\"https:\/\/www.facebook.com\/tomdogofficial\/\" \/>\n<meta property=\"article:modified_time\" content=\"2023-02-21T12:39:05+00:00\" \/>\n<meta name=\"twitter:card\" content=\"summary_large_image\" \/>\n<meta name=\"twitter:label1\" content=\"Est. reading time\" \/>\n\t<meta name=\"twitter:data1\" content=\"1 minute\" \/>\n<script type=\"application\/ld+json\" class=\"yoast-schema-graph\">{\"@context\":\"https:\\\/\\\/schema.org\",\"@graph\":[{\"@type\":\"WebPage\",\"@id\":\"https:\\\/\\\/www.tomdog.fr\\\/contacts-tomdog\\\/\",\"url\":\"https:\\\/\\\/www.tomdog.fr\\\/contacts-tomdog\\\/\",\"name\":\"Contacts - TOMDOG\",\"isPartOf\":{\"@id\":\"https:\\\/\\\/www.tomdog.fr\\\/#website\"},\"datePublished\":\"2017-06-12T14:13:39+00:00\",\"dateModified\":\"2023-02-21T12:39:05+00:00\",\"description\":\"Vous pouvez contacter TOMDOG en remplissant ce formulaire de contact. En moyenne, je r\u00e9ponds en moins de 2h.\",\"breadcrumb\":{\"@id\":\"https:\\\/\\\/www.tomdog.fr\\\/contacts-tomdog\\\/#breadcrumb\"},\"inLanguage\":\"en-US\",\"potentialAction\":[{\"@type\":\"ReadAction\",\"target\":[\"https:\\\/\\\/www.tomdog.fr\\\/contacts-tomdog\\\/\"]}]},{\"@type\":\"BreadcrumbList\",\"@id\":\"https:\\\/\\\/www.tomdog.fr\\\/contacts-tomdog\\\/#breadcrumb\",\"itemListElement\":[{\"@type\":\"ListItem\",\"position\":1,\"name\":\"Accueil\",\"item\":\"https:\\\/\\\/www.tomdog.fr\\\/\"},{\"@type\":\"ListItem\",\"position\":2,\"name\":\"Contacts\"}]},{\"@type\":\"WebSite\",\"@id\":\"https:\\\/\\\/www.tomdog.fr\\\/#website\",\"url\":\"https:\\\/\\\/www.tomdog.fr\\\/\",\"name\":\"TOMDOG\",\"description\":\"Le salon de toilettage o\u00f9 votre animal est roi !\",\"publisher\":{\"@id\":\"https:\\\/\\\/www.tomdog.fr\\\/#organization\"},\"potentialAction\":[{\"@type\":\"SearchAction\",\"target\":{\"@type\":\"EntryPoint\",\"urlTemplate\":\"https:\\\/\\\/www.tomdog.fr\\\/?s={search_term_string}\"},\"query-input\":{\"@type\":\"PropertyValueSpecification\",\"valueRequired\":true,\"valueName\":\"search_term_string\"}}],\"inLanguage\":\"en-US\"},{\"@type\":\"Organization\",\"@id\":\"https:\\\/\\\/www.tomdog.fr\\\/#organization\",\"name\":\"TOMDOG\",\"url\":\"https:\\\/\\\/www.tomdog.fr\\\/\",\"logo\":{\"@type\":\"ImageObject\",\"inLanguage\":\"en-US\",\"@id\":\"https:\\\/\\\/www.tomdog.fr\\\/#\\\/schema\\\/logo\\\/image\\\/\",\"url\":\"https:\\\/\\\/i0.wp.com\\\/www.tomdog.fr\\\/wp-content\\\/uploads\\\/2022\\\/12\\\/Logo-TOMDOG-Toilettage-e1675083601520.png?fit=155%2C51&ssl=1\",\"contentUrl\":\"https:\\\/\\\/i0.wp.com\\\/www.tomdog.fr\\\/wp-content\\\/uploads\\\/2022\\\/12\\\/Logo-TOMDOG-Toilettage-e1675083601520.png?fit=155%2C51&ssl=1\",\"width\":155,\"height\":51,\"caption\":\"TOMDOG\"},\"image\":{\"@id\":\"https:\\\/\\\/www.tomdog.fr\\\/#\\\/schema\\\/logo\\\/image\\\/\"},\"sameAs\":[\"https:\\\/\\\/www.facebook.com\\\/tomdogofficial\\\/\",\"https:\\\/\\\/www.instagram.com\\\/tomdogofficial\\\/\"]}]}<\/script>\n<!-- \/ Yoast SEO plugin. -->","yoast_head_json":{"title":"Contacts - TOMDOG","description":"Vous pouvez contacter TOMDOG en remplissant ce formulaire de contact. En moyenne, je r\u00e9ponds en moins de 2h.","robots":{"index":"index","follow":"follow","max-snippet":"max-snippet:-1","max-image-preview":"max-image-preview:large","max-video-preview":"max-video-preview:-1"},"canonical":"https:\/\/www.tomdog.fr\/en\/contacts-tomdog\/","og_locale":"en_US","og_type":"article","og_title":"Contacts - TOMDOG","og_description":"Vous pouvez contacter TOMDOG en remplissant ce formulaire de contact. En moyenne, je r\u00e9ponds en moins de 2h.","og_url":"https:\/\/www.tomdog.fr\/en\/contacts-tomdog\/","og_site_name":"TOMDOG","article_publisher":"https:\/\/www.facebook.com\/tomdogofficial\/","article_modified_time":"2023-02-21T12:39:05+00:00","twitter_card":"summary_large_image","twitter_misc":{"Est. reading time":"1 minute"},"schema":{"@context":"https:\/\/schema.org","@graph":[{"@type":"WebPage","@id":"https:\/\/www.tomdog.fr\/contacts-tomdog\/","url":"https:\/\/www.tomdog.fr\/contacts-tomdog\/","name":"Contacts - TOMDOG","isPartOf":{"@id":"https:\/\/www.tomdog.fr\/#website"},"datePublished":"2017-06-12T14:13:39+00:00","dateModified":"2023-02-21T12:39:05+00:00","description":"Vous pouvez contacter TOMDOG en remplissant ce formulaire de contact. En moyenne, je r\u00e9ponds en moins de 2h.","breadcrumb":{"@id":"https:\/\/www.tomdog.fr\/contacts-tomdog\/#breadcrumb"},"inLanguage":"en-US","potentialAction":[{"@type":"ReadAction","target":["https:\/\/www.tomdog.fr\/contacts-tomdog\/"]}]},{"@type":"BreadcrumbList","@id":"https:\/\/www.tomdog.fr\/contacts-tomdog\/#breadcrumb","itemListElement":[{"@type":"ListItem","position":1,"name":"Accueil","item":"https:\/\/www.tomdog.fr\/"},{"@type":"ListItem","position":2,"name":"Contacts"}]},{"@type":"WebSite","@id":"https:\/\/www.tomdog.fr\/#website","url":"https:\/\/www.tomdog.fr\/","name":"TOMDOG","description":"Le salon de toilettage o\u00f9 votre animal est roi !","publisher":{"@id":"https:\/\/www.tomdog.fr\/#organization"},"potentialAction":[{"@type":"SearchAction","target":{"@type":"EntryPoint","urlTemplate":"https:\/\/www.tomdog.fr\/?s={search_term_string}"},"query-input":{"@type":"PropertyValueSpecification","valueRequired":true,"valueName":"search_term_string"}}],"inLanguage":"en-US"},{"@type":"Organization","@id":"https:\/\/www.tomdog.fr\/#organization","name":"TOMDOG","url":"https:\/\/www.tomdog.fr\/","logo":{"@type":"ImageObject","inLanguage":"en-US","@id":"https:\/\/www.tomdog.fr\/#\/schema\/logo\/image\/","url":"https:\/\/i0.wp.com\/www.tomdog.fr\/wp-content\/uploads\/2022\/12\/Logo-TOMDOG-Toilettage-e1675083601520.png?fit=155%2C51&ssl=1","contentUrl":"https:\/\/i0.wp.com\/www.tomdog.fr\/wp-content\/uploads\/2022\/12\/Logo-TOMDOG-Toilettage-e1675083601520.png?fit=155%2C51&ssl=1","width":155,"height":51,"caption":"TOMDOG"},"image":{"@id":"https:\/\/www.tomdog.fr\/#\/schema\/logo\/image\/"},"sameAs":["https:\/\/www.facebook.com\/tomdogofficial\/","https:\/\/www.instagram.com\/tomdogofficial\/"]}]}},"jetpack_shortlink":"https:\/\/wp.me\/PdCQ08-3E","_links":{"self":[{"href":"https:\/\/www.tomdog.fr\/en\/wp-json\/wp\/v2\/pages\/226","targetHints":{"allow":["GET"]}}],"collection":[{"href":"https:\/\/www.tomdog.fr\/en\/wp-json\/wp\/v2\/pages"}],"about":[{"href":"https:\/\/www.tomdog.fr\/en\/wp-json\/wp\/v2\/types\/page"}],"author":[{"embeddable":true,"href":"https:\/\/www.tomdog.fr\/en\/wp-json\/wp\/v2\/users\/1"}],"replies":[{"embeddable":true,"href":"https:\/\/www.tomdog.fr\/en\/wp-json\/wp\/v2\/comments?post=226"}],"version-history":[{"count":0,"href":"https:\/\/www.tomdog.fr\/en\/wp-json\/wp\/v2\/pages\/226\/revisions"}],"wp:attachment":[{"href":"https:\/\/www.tomdog.fr\/en\/wp-json\/wp\/v2\/media?parent=226"}],"curies":[{"name":"wp","href":"https:\/\/api.w.org\/{rel}","templated":true}]}}